{"id":163,"date":"2020-04-24T10:20:42","date_gmt":"2020-04-24T10:20:42","guid":{"rendered":"https:\/\/sancolodi.it\/?page_id=163"},"modified":"2025-08-18T09:17:55","modified_gmt":"2025-08-18T09:17:55","slug":"contatti-2","status":"publish","type":"page","link":"https:\/\/www.sancolodi.it\/index.php\/contatti-2\/","title":{"rendered":"Contatti"},"content":{"rendered":"\n<section class=\"wp-block-uagb-section uagb-section__wrap uagb-section__background-image uagb-block-43c5e3e7-5c0e-4f7d-86ff-7b2000b4efed\"><div class=\"uagb-section__overlay\"><\/div><div class=\"uagb-section__inner-wrap\">\n<figure class=\"wp-block-image aligncenter is-resized is-style-default\"><img decoding=\"async\" src=\"https:\/\/sancolodi.it\/wp-content\/uploads\/2020\/04\/frill-free-img.png\" alt=\"\" class=\"wp-image-288\" style=\"width:250px;height:27px\"\/><\/figure>\n\n\n\n<div class=\"wp-block-uagb-info-box uagb-block-50f511f1-2a19-4057-8014-12704b060d57 uagb-infobox__content-wrap  uagb-infobox-icon-above-title uagb-infobox-image-valign-top\"><div class=\"uagb-ifb-content\"><div class=\"uagb-ifb-title-wrap\"><h1 class=\"uagb-ifb-title\"><strong>Contatti <\/strong><\/h1><\/div><\/div><\/div>\n\n\n\n<p><\/p>\n<\/div><\/section>\n\n\n\n<p><\/p>\n\n\n\n<section class=\"wp-block-uagb-section uagb-section__wrap uagb-section__background-undefined uagb-block-64ba1ee3-7350-4158-a6e3-6296c9cbc0d8\"><div class=\"uagb-section__overlay\"><\/div><div class=\"uagb-section__inner-wrap\">\n<div class=\"wp-block-columns has-2-columns is-layout-flex wp-container-core-columns-is-layout-28f84493 wp-block-columns-is-layout-flex\">\n<div class=\"wp-block-column is-layout-flow wp-block-column-is-layout-flow\">\n<section class=\"wp-block-uagb-section uagb-section__wrap uagb-section__background-undefined uagb-block-f3609329-775c-4cf5-b413-8bf5f1575829\"><div class=\"uagb-section__overlay\"><\/div><div class=\"uagb-section__inner-wrap\">\t\t\t<div \n\t\t\tclass=\"wp-block-uagb-google-map uagb-google-map__wrap uagb-block-f4541fd7-c876-4a76-8fbc-2b72538ba545     \"\n\t\t\tstyle=\"\" >\n\t\t\t\t<embed\n\t\t\t\t\tclass=\"uagb-google-map__iframe\"\n\t\t\t\t\ttitle=\"Google Map for \"\n\t\t\t\t\tsrc=\"https:\/\/maps.google.com\/maps?q=via%20dante%20alighieri%2C%20137%20mussolente%2C%20vicenza&#038;z=13&#038;hl=en&#038;t=m&#038;output=embed&#038;iwloc=near\"\n\t\t\t\t\twidth=\"640\"\n\t\t\t\t\theight=\"598\"\n\t\t\t\t\tloading=\"lazy\"\n\t\t\t\t><\/embed>\n\t\t\t<\/div>\n\t\t\t<\/div><\/section>\n\n\n\n<hr class=\"wp-block-separator has-css-opacity\"\/>\n\n\n\n<p>Siamo in Via Dante Alighieri, 137 Casoni di Mussolente (VI) <\/p>\n\n\n\n<p>Tell. 3516419974<\/p>\n\n\n\n<p>Email. sancolodi.ristorazione@gmail.com<\/p>\n<\/div>\n\n\n\n<div class=\"wp-block-column is-layout-flow wp-block-column-is-layout-flow\">\n<section class=\"wp-block-uagb-section uagb-section__wrap uagb-section__background-image uagb-block-0b75f1c7-3c64-4ff7-9216-57a4c495ea5f\"><div class=\"uagb-section__overlay\"><\/div><div class=\"uagb-section__inner-wrap\">\n<div class=\"wp-block-uagb-advanced-heading uagb-block-d2fe1375-f32a-40b0-949f-9896868ed682\" id=\"uagb-adv-heading-54baba5f-9f76-4ab5-8e83-79c45b0b540f\"><h2 class=\"uagb-heading-text\">Orari<\/h2><p class=\"uagb-desc-text\"><br>Luned\u00ec dalle 9.30 alle 14.30<br>dal Marted\u00ec al Venerd\u00ec dalle 9.30 alle 14.30 \u2013 dalle 17.00 alle 24.00<br>Sabato e Domenica dalle 9.30 alle 24.00<\/p><\/div>\n<\/div><\/section>\n<\/div>\n<\/div>\n\n\n\n<hr class=\"wp-block-separator has-css-opacity\"\/>\n\n\n\n<h2 class=\"wp-block-heading\">Prenota per email oppure inviaci la tua richiesta<\/h2>\n\n\n\t\t\t\t<div class = \"wp-block-uagb-cf7-styler uagb-cf7-styler__outer-wrap uagb-block-02bdccf5-3714-4661-a71c-76602aa00d32   \">\n\t\t\t\t\t<div class = \"uagb-cf7-styler__align-left uagb-cf7-styler__field-style-box uagb-cf7-styler__btn-align-left uagb-cf7-styler__btn-align-tablet- uagb-cf7-styler__btn-align-mobile- uagb-cf7-styler__highlight-style-default uagb-cf7-styler__check-style-enabled\">\n\t\t\t\t\t[contact-form-7 id=&#8221;5&#8243;]\t\t\t\t\t<\/div>\n\t\t\t\t<\/div>\n\t\t\t\t<\/div><\/section>\n\n\n\n<div class=\"wp-block-columns is-layout-flex wp-container-core-columns-is-layout-28f84493 wp-block-columns-is-layout-flex\">\n<div class=\"wp-block-column is-layout-flow wp-block-column-is-layout-flow\">\n<figure class=\"wp-block-image aligncenter size-large is-resized\"><img loading=\"lazy\" decoding=\"async\" width=\"550\" height=\"370\" src=\"https:\/\/sancolodi.it\/wp-content\/uploads\/2020\/04\/TA_brand_logo.png\" alt=\"\" class=\"wp-image-165\" style=\"width:159px;height:107px\" srcset=\"https:\/\/www.sancolodi.it\/wp-content\/uploads\/2020\/04\/TA_brand_logo.png 550w, https:\/\/www.sancolodi.it\/wp-content\/uploads\/2020\/04\/TA_brand_logo-300x202.png 300w\" sizes=\"auto, (max-width: 550px) 100vw, 550px\" \/><\/figure>\n<\/div>\n\n\n\n<div class=\"wp-block-column is-layout-flow wp-block-column-is-layout-flow\">\n<figure class=\"wp-block-image aligncenter size-large is-resized is-style-rounded\"><img loading=\"lazy\" decoding=\"async\" width=\"300\" height=\"300\" src=\"https:\/\/sancolodi.it\/wp-content\/uploads\/2020\/04\/unnamed.png\" alt=\"\" class=\"wp-image-166\" style=\"width:98px;height:96px\" srcset=\"https:\/\/www.sancolodi.it\/wp-content\/uploads\/2020\/04\/unnamed.png 300w, https:\/\/www.sancolodi.it\/wp-content\/uploads\/2020\/04\/unnamed-150x150.png 150w\" sizes=\"auto, (max-width: 300px) 100vw, 300px\" \/><\/figure>\n\n\n\n<p><\/p>\n<\/div>\n\n\n\n<div class=\"wp-block-column is-layout-flow wp-block-column-is-layout-flow\">\n<figure class=\"wp-block-image aligncenter size-large is-resized\"><img loading=\"lazy\" decoding=\"async\" width=\"620\" height=\"400\" src=\"https:\/\/sancolodi.it\/wp-content\/uploads\/2020\/04\/instagram-logo-620x400-1.jpg\" alt=\"\" class=\"wp-image-167\" style=\"width:136px;height:87px\" srcset=\"https:\/\/www.sancolodi.it\/wp-content\/uploads\/2020\/04\/instagram-logo-620x400-1.jpg 620w, https:\/\/www.sancolodi.it\/wp-content\/uploads\/2020\/04\/instagram-logo-620x400-1-300x194.jpg 300w\" sizes=\"auto, (max-width: 620px) 100vw, 620px\" \/><\/figure>\n\n\n\n<p><\/p>\n<\/div>\n<\/div>\n\n\n\n<p><\/p>\n","protected":false},"excerpt":{"rendered":"","protected":false},"author":2,"featured_media":0,"parent":0,"menu_order":5,"comment_status":"closed","ping_status":"closed","template":"","meta":{"_uag_custom_page_level_css":"","site-sidebar-layout":"no-sidebar","site-content-layout":"page-builder","ast-site-content-layout":"full-width-container","site-content-style":"unboxed","site-sidebar-style":"unboxed","ast-global-header-display":"","ast-banner-title-visibility":"","ast-main-header-display":"","ast-hfb-above-header-display":"","ast-hfb-below-header-display":"","ast-hfb-mobile-header-display":"","site-post-title":"disabled","ast-breadcrumbs-content":"","ast-featured-img":"disabled","footer-sml-layout":"","ast-disable-related-posts":"","theme-transparent-header-meta":"default","adv-header-id-meta":"","stick-header-meta":"default","header-above-stick-meta":"","header-main-stick-meta":"","header-below-stick-meta":"","astra-migrate-meta-layouts":"set","ast-page-background-enabled":"default","ast-page-background-meta":{"desktop":{"background-color":"","background-image":"","background-repeat":"repeat","background-position":"center center","background-size":"auto","background-attachment":"scroll","background-type":"","background-media":"","overlay-type":"","overlay-color":"","overlay-opacity":"","overlay-gradient":""},"tablet":{"background-color":"","background-image":"","background-repeat":"repeat","background-position":"center center","background-size":"auto","background-attachment":"scroll","background-type":"","background-media":"","overlay-type":"","overlay-color":"","overlay-opacity":"","overlay-gradient":""},"mobile":{"background-color":"","background-image":"","background-repeat":"repeat","background-position":"center center","background-size":"auto","background-attachment":"scroll","background-type":"","background-media":"","overlay-type":"","overlay-color":"","overlay-opacity":"","overlay-gradient":""}},"ast-content-background-meta":{"desktop":{"background-color":"var(--ast-global-color-5)","background-image":"","background-repeat":"repeat","background-position":"center center","background-size":"auto","background-attachment":"scroll","background-type":"","background-media":"","overlay-type":"","overlay-color":"","overlay-opacity":"","overlay-gradient":""},"tablet":{"background-color":"var(--ast-global-color-5)","background-image":"","background-repeat":"repeat","background-position":"center center","background-size":"auto","background-attachment":"scroll","background-type":"","background-media":"","overlay-type":"","overlay-color":"","overlay-opacity":"","overlay-gradient":""},"mobile":{"background-color":"var(--ast-global-color-5)","background-image":"","background-repeat":"repeat","background-position":"center center","background-size":"auto","background-attachment":"scroll","background-type":"","background-media":"","overlay-type":"","overlay-color":"","overlay-opacity":"","overlay-gradient":""}},"footnotes":""},"class_list":["post-163","page","type-page","status-publish","hentry"],"uagb_featured_image_src":{"full":false,"thumbnail":false,"medium":false,"medium_large":false,"large":false,"1536x1536":false,"2048x2048":false},"uagb_author_info":{"display_name":"sancolodi","author_link":"https:\/\/www.sancolodi.it\/index.php\/author\/sancolodi\/"},"uagb_comment_info":0,"uagb_excerpt":null,"_links":{"self":[{"href":"https:\/\/www.sancolodi.it\/index.php\/wp-json\/wp\/v2\/pages\/163","targetHints":{"allow":["GET"]}}],"collection":[{"href":"https:\/\/www.sancolodi.it\/index.php\/wp-json\/wp\/v2\/pages"}],"about":[{"href":"https:\/\/www.sancolodi.it\/index.php\/wp-json\/wp\/v2\/types\/page"}],"author":[{"embeddable":true,"href":"https:\/\/www.sancolodi.it\/index.php\/wp-json\/wp\/v2\/users\/2"}],"replies":[{"embeddable":true,"href":"https:\/\/www.sancolodi.it\/index.php\/wp-json\/wp\/v2\/comments?post=163"}],"version-history":[{"count":15,"href":"https:\/\/www.sancolodi.it\/index.php\/wp-json\/wp\/v2\/pages\/163\/revisions"}],"predecessor-version":[{"id":323,"href":"https:\/\/www.sancolodi.it\/index.php\/wp-json\/wp\/v2\/pages\/163\/revisions\/323"}],"wp:attachment":[{"href":"https:\/\/www.sancolodi.it\/index.php\/wp-json\/wp\/v2\/media?parent=163"}],"curies":[{"name":"wp","href":"https:\/\/api.w.org\/{rel}","templated":true}]}}